{"id":27,"date":"2019-09-16T09:05:00","date_gmt":"2019-09-16T09:05:00","guid":{"rendered":"https:\/\/the7.io\/yoga\/?page_id=27"},"modified":"2022-01-26T14:12:54","modified_gmt":"2022-01-26T14:12:54","slug":"yoga-classes","status":"publish","type":"page","link":"https:\/\/openhearted-yoga.at\/?page_id=27","title":{"rendered":"Kursbeschreibung"},"content":{"rendered":"<p>[vc_row full_width=&#8220;stretch_row_content_no_spaces&#8220; equal_height=&#8220;yes&#8220; content_placement=&#8220;top&#8220;][vc_column css=&#8220;.vc_custom_1571483900617{padding-top: 50px !important;padding-right: 50px !important;padding-bottom: 50px !important;padding-left: 50px !important;background-color: #ececec !important;}&#8220;]<style type=\"text\/css\" data-type=\"the7_shortcodes-inline-css\">.albums-shortcode.albums-masonry-shortcode-id-c458cc031bca3cb83230dac57ac278dd.dividers-on.classic-layout-list article {\n  padding-top: 0;\n}\n.albums-shortcode.albums-masonry-shortcode-id-c458cc031bca3cb83230dac57ac278dd.dividers-on.classic-layout-list article:first-of-type {\n  margin-top: 0;\n  padding-top: 0;\n}\n.albums-shortcode.albums-masonry-shortcode-id-c458cc031bca3cb83230dac57ac278dd.classic-layout-list.mode-list .post-entry-content {\n  width: calc(100% - );\n}\n.albums-shortcode.albums-masonry-shortcode-id-c458cc031bca3cb83230dac57ac278dd.classic-layout-list.mode-list .no-img .post-entry-content {\n  width: 100%;\n}\n.albums-shortcode.albums-masonry-shortcode-id-c458cc031bca3cb83230dac57ac278dd .filter-bg-decoration .filter-categories a.act {\n  color: #fff;\n}\n.albums-shortcode.albums-masonry-shortcode-id-c458cc031bca3cb83230dac57ac278dd:not(.mode-masonry) article:first-of-type,\n.albums-shortcode.albums-masonry-shortcode-id-c458cc031bca3cb83230dac57ac278dd:not(.mode-masonry) article.visible.first {\n  margin-top: 0;\n}\n.albums-shortcode.albums-masonry-shortcode-id-c458cc031bca3cb83230dac57ac278dd.dividers-on:not(.mode-masonry) article {\n  margin-top: 0;\n}\n.albums-shortcode.albums-masonry-shortcode-id-c458cc031bca3cb83230dac57ac278dd.dividers-on:not(.mode-masonry) article:first-of-type,\n.albums-shortcode.albums-masonry-shortcode-id-c458cc031bca3cb83230dac57ac278dd.dividers-on:not(.mode-masonry) article.visible.first {\n  margin-top: 0;\n  padding-top: 0;\n}\n.albums-shortcode.albums-masonry-shortcode-id-c458cc031bca3cb83230dac57ac278dd.hover-scale article:after {\n  background: -webkit-linear-gradient();\n  background: linear-gradient();\n}\n.albums-shortcode.albums-masonry-shortcode-id-c458cc031bca3cb83230dac57ac278dd.gradient-overlay-layout-list article {\n  border-radius: 0px;\n}\n.albums-shortcode.albums-masonry-shortcode-id-c458cc031bca3cb83230dac57ac278dd .post-thumbnail-wrap {\n  padding: 0px 0px 30px 0px;\n  border-radius: 0px;\n}\n.albums-shortcode.albums-masonry-shortcode-id-c458cc031bca3cb83230dac57ac278dd .post-thumbnail,\n.albums-shortcode.albums-masonry-shortcode-id-c458cc031bca3cb83230dac57ac278dd .post-thumbnail-wrap a,\n.albums-shortcode.albums-masonry-shortcode-id-c458cc031bca3cb83230dac57ac278dd .post-thumbnail-wrap a img,\n.albums-shortcode.albums-masonry-shortcode-id-c458cc031bca3cb83230dac57ac278dd .album-rollover,\n.albums-shortcode.albums-masonry-shortcode-id-c458cc031bca3cb83230dac57ac278dd .post-thumbnail-rollover:after {\n  border-radius: 0px;\n}\n.albums-shortcode.albums-masonry-shortcode-id-c458cc031bca3cb83230dac57ac278dd.enable-bg-rollover .post-thumbnail-rollover:after {\n  background: -webkit-linear-gradient();\n  background: linear-gradient();\n}\n.albums-shortcode.albums-masonry-shortcode-id-c458cc031bca3cb83230dac57ac278dd .album-rollover {\n  margin-top: 0px;\n  margin-bottom: 0px;\n}\n.bottom-overlap-layout-list.albums-shortcode.albums-masonry-shortcode-id-c458cc031bca3cb83230dac57ac278dd.enable-bg-rollover:not(.content-rollover-layout-list) .album-rollover {\n  height: calc(100% - 100px);\n}\n.albums-shortcode.albums-masonry-shortcode-id-c458cc031bca3cb83230dac57ac278dd.enable-bg-rollover .post-thumbnail-rollover:after {\n  background: -webkit-linear-gradient();\n  background: linear-gradient();\n}\n.albums-shortcode.albums-masonry-shortcode-id-c458cc031bca3cb83230dac57ac278dd .album-zoom-ico {\n  width: 44px;\n  height: 44px;\n  line-height: 44px;\n  border-radius: 100px;\n  border-width: 0px;\n  font-size: 32px;\n  color: #ffffff;\n}\n.dt-icon-bg-on.albums-shortcode.albums-masonry-shortcode-id-c458cc031bca3cb83230dac57ac278dd .album-zoom-ico {\n  background: rgba(255,255,255,0.3);\n  -webkit-box-shadow: none;\n  box-shadow: none;\n}\n.albums-shortcode.albums-masonry-shortcode-id-c458cc031bca3cb83230dac57ac278dd .album-zoom-ico > span:before {\n  font-size: 32px;\n  line-height: 44px;\n}\n.albums-shortcode.albums-masonry-shortcode-id-c458cc031bca3cb83230dac57ac278dd .album-zoom-ico > span {\n  color: #ffffff;\n}\n.albums-shortcode.albums-masonry-shortcode-id-c458cc031bca3cb83230dac57ac278dd .entry-title,\n.albums-shortcode.albums-masonry-shortcode-id-c458cc031bca3cb83230dac57ac278dd.owl-carousel .entry-title {\n  margin-bottom: 20px;\n  font-size: 34px;\n  line-height: 44px;\n}\n.albums-shortcode.albums-masonry-shortcode-id-c458cc031bca3cb83230dac57ac278dd .entry-meta {\n  margin-bottom: 0px;\n}\n.albums-shortcode.albums-masonry-shortcode-id-c458cc031bca3cb83230dac57ac278dd .portfolio-categories {\n  margin-bottom: 0px;\n}\n.albums-shortcode.albums-masonry-shortcode-id-c458cc031bca3cb83230dac57ac278dd .entry-excerpt {\n  margin-bottom: 0px;\n  font-size: 17px;\n  line-height: 30px;\n}\n.albums-shortcode.albums-masonry-shortcode-id-c458cc031bca3cb83230dac57ac278dd:not(.centered-layout-list) .post-entry-content {\n  padding: 0px 0px 0px 0px;\n}\n.albums-shortcode.albums-masonry-shortcode-id-c458cc031bca3cb83230dac57ac278dd:not(.centered-layout-list):not(.content-bg-on):not(.mode-list) .no-img .post-entry-content {\n  padding: 0;\n}\n.albums-shortcode.albums-masonry-shortcode-id-c458cc031bca3cb83230dac57ac278dd.gradient-overlay-layout-list .post-entry-content {\n  border-radius: 0px;\n}\n@media screen and (max-width: ) {\n  .albums-shortcode.albums-masonry-shortcode-id-c458cc031bca3cb83230dac57ac278dd article {\n    -webkit-flex-flow: column nowrap;\n    -moz-flex-flow: column nowrap;\n    -ms-flex-flow: column nowrap;\n    flex-flow: column nowrap;\n    margin-top: 20px;\n  }\n  .albums-shortcode.albums-masonry-shortcode-id-c458cc031bca3cb83230dac57ac278dd.dividers-on article {\n    border: none;\n  }\n  .albums-shortcode.albums-masonry-shortcode-id-c458cc031bca3cb83230dac57ac278dd.content-bg-on.centered-layout-list article {\n    padding: 0;\n  }\n  #page .albums-shortcode.albums-masonry-shortcode-id-c458cc031bca3cb83230dac57ac278dd .post-thumbnail-wrap,\n  #page .albums-shortcode.albums-masonry-shortcode-id-c458cc031bca3cb83230dac57ac278dd .post-entry-content {\n    width: 100%;\n    margin: 0;\n    top: 0;\n  }\n  #page .albums-shortcode.albums-masonry-shortcode-id-c458cc031bca3cb83230dac57ac278dd .post-thumbnail-wrap {\n    padding: 0;\n  }\n  #page .albums-shortcode.albums-masonry-shortcode-id-c458cc031bca3cb83230dac57ac278dd .post-entry-content:after {\n    display: none;\n  }\n  #page .albums-shortcode.albums-masonry-shortcode-id-c458cc031bca3cb83230dac57ac278dd .project-even .post-thumbnail-wrap,\n  #page .albums-shortcode.albums-masonry-shortcode-id-c458cc031bca3cb83230dac57ac278dd.centered-layout-list .post-thumbnail-wrap {\n    -webkit-order: 0;\n    -moz-order: 0;\n    -ms-flex-order: 0;\n    order: 0;\n  }\n  #page .albums-shortcode.albums-masonry-shortcode-id-c458cc031bca3cb83230dac57ac278dd.centered-layout-list .post-entry-title-content {\n    -webkit-order: 1;\n    -moz-order: 1;\n    -ms-flex-order: 1;\n    order: 1;\n    width: 100%;\n    padding: 20px 20px 0;\n  }\n  #page .albums-shortcode.albums-masonry-shortcode-id-c458cc031bca3cb83230dac57ac278dd.centered-layout-list .post-entry-content {\n    -webkit-order: 2;\n    -moz-order: 2;\n    -ms-flex-order: 2;\n    order: 2;\n    padding-top: 0;\n  }\n  #page .albums-shortcode.albums-masonry-shortcode-id-c458cc031bca3cb83230dac57ac278dd .post-entry-content {\n    padding: 20px;\n  }\n  #page .albums-shortcode.albums-masonry-shortcode-id-c458cc031bca3cb83230dac57ac278dd .entry-title {\n    margin: 3px 0 5px;\n    font-size: 20px;\n    line-height: 26px;\n  }\n  #page .albums-shortcode.albums-masonry-shortcode-id-c458cc031bca3cb83230dac57ac278dd .entry-meta {\n    margin: 5px 0 5px;\n  }\n  #page .albums-shortcode.albums-masonry-shortcode-id-c458cc031bca3cb83230dac57ac278dd .entry-excerpt {\n    margin: 15px 0 0;\n  }\n  #page .albums-shortcode.albums-masonry-shortcode-id-c458cc031bca3cb83230dac57ac278dd .post-details {\n    margin: 5px 0 10px;\n  }\n  #page .albums-shortcode.albums-masonry-shortcode-id-c458cc031bca3cb83230dac57ac278dd .post-details.details-type-link {\n    margin-bottom: 2px;\n  }\n}\n.albums-shortcode.albums-masonry-shortcode-id-c458cc031bca3cb83230dac57ac278dd:not(.resize-by-browser-width) .dt-css-grid {\n  grid-row-gap: 0px;\n  grid-column-gap: 0px;\n  grid-template-columns: repeat(auto-fill,minmax(,1fr));\n}\n.albums-shortcode.albums-masonry-shortcode-id-c458cc031bca3cb83230dac57ac278dd:not(.resize-by-browser-width) .dt-css-grid .double-width {\n  grid-column: span 2;\n}\n.cssgridlegacy.no-cssgrid .albums-shortcode.albums-masonry-shortcode-id-c458cc031bca3cb83230dac57ac278dd:not(.resize-by-browser-width) .dt-css-grid,\n.no-cssgridlegacy.no-cssgrid .albums-shortcode.albums-masonry-shortcode-id-c458cc031bca3cb83230dac57ac278dd:not(.resize-by-browser-width) .dt-css-grid {\n  display: flex;\n  flex-flow: row wrap;\n  margin: 0px;\n}\n.cssgridlegacy.no-cssgrid .albums-shortcode.albums-masonry-shortcode-id-c458cc031bca3cb83230dac57ac278dd:not(.resize-by-browser-width) .dt-css-grid .wf-cell,\n.no-cssgridlegacy.no-cssgrid .albums-shortcode.albums-masonry-shortcode-id-c458cc031bca3cb83230dac57ac278dd:not(.resize-by-browser-width) .dt-css-grid .wf-cell {\n  flex: 1 0 ;\n  max-width: 100%;\n  padding: 0px;\n  box-sizing: border-box;\n}\n.albums-shortcode.albums-masonry-shortcode-id-c458cc031bca3cb83230dac57ac278dd.resize-by-browser-width .dt-css-grid {\n  grid-template-columns: repeat(1,1fr);\n  grid-template-rows: auto;\n  grid-column-gap: 0px;\n  grid-row-gap: 0px;\n}\n.albums-shortcode.albums-masonry-shortcode-id-c458cc031bca3cb83230dac57ac278dd.resize-by-browser-width .dt-css-grid .double-width {\n  grid-column: span 2;\n}\n.cssgridlegacy.no-cssgrid .albums-shortcode.albums-masonry-shortcode-id-c458cc031bca3cb83230dac57ac278dd.resize-by-browser-width .dt-css-grid {\n  margin: 0px;\n}\n.cssgridlegacy.no-cssgrid .albums-shortcode.albums-masonry-shortcode-id-c458cc031bca3cb83230dac57ac278dd.resize-by-browser-width .dt-css-grid .wf-cell {\n  width: 100%;\n  padding: 0px;\n}\n.cssgridlegacy.no-cssgrid .albums-shortcode.albums-masonry-shortcode-id-c458cc031bca3cb83230dac57ac278dd.resize-by-browser-width .dt-css-grid .wf-cell.double-width {\n  width: calc(100%) * 2;\n}\n.albums-shortcode.albums-masonry-shortcode-id-c458cc031bca3cb83230dac57ac278dd.resize-by-browser-width:not(.centered-layout-list):not(.content-bg-on) .dt-css-grid {\n  grid-row-gap: 0px;\n}\n@media screen and (max-width: 1199px) {\n  .albums-shortcode.albums-masonry-shortcode-id-c458cc031bca3cb83230dac57ac278dd.resize-by-browser-width .dt-css-grid {\n    grid-template-columns: repeat(1,1fr);\n  }\n  .cssgridlegacy.no-cssgrid .albums-shortcode.albums-masonry-shortcode-id-c458cc031bca3cb83230dac57ac278dd.resize-by-browser-width .dt-css-grid .wf-cell,\n  .no-cssgridlegacy.no-cssgrid .albums-shortcode.albums-masonry-shortcode-id-c458cc031bca3cb83230dac57ac278dd.resize-by-browser-width .dt-css-grid .wf-cell {\n    width: 100%;\n  }\n  .cssgridlegacy.no-cssgrid .albums-shortcode.albums-masonry-shortcode-id-c458cc031bca3cb83230dac57ac278dd.resize-by-browser-width .dt-css-grid .wf-cell.double-width,\n  .no-cssgridlegacy.no-cssgrid .albums-shortcode.albums-masonry-shortcode-id-c458cc031bca3cb83230dac57ac278dd.resize-by-browser-width .dt-css-grid .wf-cell.double-width {\n    width: calc(100%)*2;\n  }\n}\n@media screen and (max-width: 991px) {\n  .albums-shortcode.albums-masonry-shortcode-id-c458cc031bca3cb83230dac57ac278dd.resize-by-browser-width .dt-css-grid {\n    grid-template-columns: repeat(1,1fr);\n  }\n  .cssgridlegacy.no-cssgrid .albums-shortcode.albums-masonry-shortcode-id-c458cc031bca3cb83230dac57ac278dd.resize-by-browser-width .dt-css-grid .wf-cell,\n  .no-cssgridlegacy.no-cssgrid .albums-shortcode.albums-masonry-shortcode-id-c458cc031bca3cb83230dac57ac278dd.resize-by-browser-width .dt-css-grid .wf-cell {\n    width: 100%;\n  }\n  .cssgridlegacy.no-cssgrid .albums-shortcode.albums-masonry-shortcode-id-c458cc031bca3cb83230dac57ac278dd.resize-by-browser-width .dt-css-grid .wf-cell.double-width,\n  .no-cssgridlegacy.no-cssgrid .albums-shortcode.albums-masonry-shortcode-id-c458cc031bca3cb83230dac57ac278dd.resize-by-browser-width .dt-css-grid .wf-cell.double-width {\n    width: calc(100%)*2;\n  }\n}\n@media screen and (max-width: 767px) {\n  .albums-shortcode.albums-masonry-shortcode-id-c458cc031bca3cb83230dac57ac278dd.resize-by-browser-width .dt-css-grid {\n    grid-template-columns: repeat(1,1fr);\n  }\n  .albums-shortcode.albums-masonry-shortcode-id-c458cc031bca3cb83230dac57ac278dd.resize-by-browser-width .dt-css-grid .double-width {\n    grid-column: span 1;\n  }\n  .cssgridlegacy.no-cssgrid .albums-shortcode.albums-masonry-shortcode-id-c458cc031bca3cb83230dac57ac278dd.resize-by-browser-width .dt-css-grid .wf-cell,\n  .no-cssgridlegacy.no-cssgrid .albums-shortcode.albums-masonry-shortcode-id-c458cc031bca3cb83230dac57ac278dd.resize-by-browser-width .dt-css-grid .wf-cell {\n    width: 100%;\n  }\n  .cssgridlegacy.no-cssgrid .albums-shortcode.albums-masonry-shortcode-id-c458cc031bca3cb83230dac57ac278dd.resize-by-browser-width .dt-css-grid .wf-cell.double-width,\n  .no-cssgridlegacy.no-cssgrid .albums-shortcode.albums-masonry-shortcode-id-c458cc031bca3cb83230dac57ac278dd.resize-by-browser-width .dt-css-grid .wf-cell.double-width {\n    width: calc(100%)*2;\n  }\n}\n@media screen and (max-width: 250px) {\n  .albums-shortcode.albums-masonry-shortcode-id-c458cc031bca3cb83230dac57ac278dd .album-rollover {\n    display: none;\n  }\n}\n<\/style><div class=\"albums-shortcode albums-masonry-shortcode-id-c458cc031bca3cb83230dac57ac278dd mode-masonry classic-layout-list jquery-filter meta-info-off enable-bg-rollover album-minuatures-style-2 dt-icon-bg-off resize-by-browser-width  loading-effect-none description-under-image \" data-padding=\"0px\" data-cur-page=\"1\" data-post-limit=\"-1\" data-pagination-mode=\"none\" data-desktop-columns-num=\"1\" data-v-tablet-columns-num=\"1\" data-h-tablet-columns-num=\"1\" data-phone-columns-num=\"1\" data-width=\"0px\" data-columns=\"0\"><div class=\"iso-container\" ><div class=\"visible wf-cell iso-item\" data-post-id=\"212\" data-date=\"2019-09-19T06:53:58+00:00\" data-name=\"SLOW VINYASA YOGA\"><article class=\"post visible post-212 dt_gallery type-dt_gallery status-publish has-post-thumbnail hentry\" data-name=\"SLOW VINYASA YOGA\" data-date=\"2019-09-19T06:53:58+00:00\">\n\n<div class=\"post-thumbnail-wrap\">\n\t<figure class=\"post-thumbnail\">\n\n\t\t<a href=\"https:\/\/openhearted-yoga.at\/wp-content\/uploads\/2019\/10\/ohy14.jpg\" class=\"post-thumbnail-rollover rollover-click-target dt-gallery-pswp layzr-bg\"   aria-label=\"Gallery image\" title=\"ohy14\"><img loading=\"lazy\" decoding=\"async\" src=\"data:image\/svg+xml,%3Csvg%20xmlns%3D&#39;http%3A%2F%2Fwww.w3.org%2F2000%2Fsvg&#39;%20viewBox%3D&#39;0%200%201332%20666&#39;%2F%3E\" data-src=\"https:\/\/openhearted-yoga.at\/wp-content\/uploads\/2019\/10\/ohy14-1332x666.jpg\" data-srcset=\"https:\/\/openhearted-yoga.at\/wp-content\/uploads\/2019\/10\/ohy14-1332x666.jpg 1332w, https:\/\/openhearted-yoga.at\/wp-content\/uploads\/2019\/10\/ohy14-1333x666.jpg 1333w\" class=\"preload-me iso-lazy-load\" alt=\"\" title=\"ohy14\" width=\"1332\" height=\"666\"  \/><\/a><div class=\"dt-gallery-container dt-album\"><a href=\"https:\/\/openhearted-yoga.at\/wp-content\/uploads\/2019\/10\/ohy14.jpg\" title=\"ohy14\" class=\"dt-pswp-item\" data-large_image_width=\"1333\" data-large_image_height = \"2000\" data-dt-img-description=\"\" data-dt-location=\"https:\/\/openhearted-yoga.at\/?attachment_id=1448\"  aria-label=\"Gallery image\"><\/a><a href=\"https:\/\/openhearted-yoga.at\/wp-content\/uploads\/2019\/10\/ohy11.jpg\" title=\"ohy11\" class=\"dt-pswp-item\" data-large_image_width=\"1333\" data-large_image_height = \"2000\" data-dt-img-description=\"\" data-dt-location=\"https:\/\/openhearted-yoga.at\/?attachment_id=1445\"  aria-label=\"Gallery image\"><\/a><a href=\"https:\/\/openhearted-yoga.at\/wp-content\/uploads\/2019\/10\/ohy13.jpg\" title=\"ohy13\" class=\"dt-pswp-item\" data-large_image_width=\"1333\" data-large_image_height = \"2000\" data-dt-img-description=\"\" data-dt-location=\"https:\/\/openhearted-yoga.at\/?attachment_id=1447\"  aria-label=\"Gallery image\"><\/a><\/div><span class=\"album-rollover\"><span class=\"rollover-thumbnails\"><span class=\"r-thumbn-1\"><img decoding=\"async\" class=\"preload-me\" src=\"https:\/\/openhearted-yoga.at\/wp-content\/uploads\/2019\/10\/ohy13-150x150.jpg\" srcset=\"https:\/\/openhearted-yoga.at\/wp-content\/uploads\/2019\/10\/ohy13-150x150.jpg 150w\" sizes=\"150px\" alt=\"\" width=\"90\" \/><i><\/i><\/span><span class=\"r-thumbn-2\"><img decoding=\"async\" class=\"preload-me\" src=\"https:\/\/openhearted-yoga.at\/wp-content\/uploads\/2019\/10\/ohy11-150x150.jpg\" srcset=\"https:\/\/openhearted-yoga.at\/wp-content\/uploads\/2019\/10\/ohy11-150x150.jpg 150w\" sizes=\"150px\" alt=\"\" width=\"90\" \/><i><\/i><\/span><span class=\"r-thumbn-3\"><img decoding=\"async\" class=\"preload-me\" src=\"https:\/\/openhearted-yoga.at\/wp-content\/uploads\/2019\/10\/ohy14-150x150.jpg\" srcset=\"https:\/\/openhearted-yoga.at\/wp-content\/uploads\/2019\/10\/ohy14-150x150.jpg 150w\" sizes=\"150px\" alt=\"\" width=\"90\" \/><i><\/i><\/span><\/span><\/span>\n\t<\/figure>\n<\/div>\n\n\n<div class=\"post-entry-content\">\n\n\t\n\t<h3 class=\"entry-title\">\n\t\t<a href=\"https:\/\/openhearted-yoga.at\/?dt_gallery=vinyasa-yoga\" class=\"dt-trigger-first-pswp\" title=\"SLOW VINYASA YOGA\" rel=\"bookmark\">SLOW VINYASA YOGA<\/a>\n\t<\/h3> \n\t\n\t<div class=\"entry-excerpt\"><p>Vinyasa Yoga ist ein dynamischer Yogastil, bei dem die Asanas (die Yogahaltungen) flie\u00dfend aneinandergereiht werden.<\/p>\n<p>Dabei werden Atmung und Bewegung miteinander verbunden, was auch zu einem meditativen Zustand f\u00fchren kann. Es hat teilweise auch etwas T\u00e4nzerisches an sich, weshalb ich meine Flows gerne zu passender Musik gestalte.<\/p>\n<p>Um das Ganze auch f\u00fcr Neueinsteiger zug\u00e4nglicher zu machen, werde ich haupts\u00e4chlich \u201eSlow Flows\u201c unterrichten, was bedeutet, dass einzelne Asanas etwas l\u00e4nger gehalten werden, um auch ein besseres Gef\u00fchl daf\u00fcr zu bekommen.<\/p>\n<p>Lerne deinen K\u00f6rper besser kennen, tu ihm und auch deinem Geist etwas Gutes. Probier dich aus und nicht zu vergessen: hab einfach Spa\u00df und genie\u00dfe es!<\/p>\n<\/div>\n\t\n<\/div><\/article><\/div><\/div><!-- iso-container|iso-grid --><\/div>[\/vc_column][\/vc_row]<\/p>\n","protected":false},"excerpt":{"rendered":"<p>[vc_row full_width=&#8220;stretch_row_content_no_spaces&#8220; equal_height=&#8220;yes&#8220; content_placement=&#8220;top&#8220;][vc_column css=&#8220;.vc_custom_1571483900617{padding-top: 50px !important;padding-right: 50px !important;padding-bottom: 50px !important;padding-left: 50px !important;background-color: #ececec !important;}&#8220;][\/vc_column][\/vc_row]<\/p>\n","protected":false},"author":1,"featured_media":0,"parent":0,"menu_order":30,"comment_status":"closed","ping_status":"closed","template":"","meta":{"footnotes":""},"class_list":["post-27","page","type-page","status-publish","hentry","description-off"],"_links":{"self":[{"href":"https:\/\/openhearted-yoga.at\/index.php?rest_route=\/wp\/v2\/pages\/27","targetHints":{"allow":["GET"]}}],"collection":[{"href":"https:\/\/openhearted-yoga.at\/index.php?rest_route=\/wp\/v2\/pages"}],"about":[{"href":"https:\/\/openhearted-yoga.at\/index.php?rest_route=\/wp\/v2\/types\/page"}],"author":[{"embeddable":true,"href":"https:\/\/openhearted-yoga.at\/index.php?rest_route=\/wp\/v2\/users\/1"}],"replies":[{"embeddable":true,"href":"https:\/\/openhearted-yoga.at\/index.php?rest_route=%2Fwp%2Fv2%2Fcomments&post=27"}],"version-history":[{"count":9,"href":"https:\/\/openhearted-yoga.at\/index.php?rest_route=\/wp\/v2\/pages\/27\/revisions"}],"predecessor-version":[{"id":1459,"href":"https:\/\/openhearted-yoga.at\/index.php?rest_route=\/wp\/v2\/pages\/27\/revisions\/1459"}],"wp:attachment":[{"href":"https:\/\/openhearted-yoga.at\/index.php?rest_route=%2Fwp%2Fv2%2Fmedia&parent=27"}],"curies":[{"name":"wp","href":"https:\/\/api.w.org\/{rel}","templated":true}]}}