{"id":1472,"date":"2022-02-11T06:51:20","date_gmt":"2022-02-11T06:51:20","guid":{"rendered":"https:\/\/openhearted-yoga.at\/?page_id=1472"},"modified":"2022-02-17T13:59:13","modified_gmt":"2022-02-17T13:59:13","slug":"impressum","status":"publish","type":"page","link":"https:\/\/openhearted-yoga.at\/?page_id=1472","title":{"rendered":"Impressum"},"content":{"rendered":"<p>[vc_row][vc_column][vc_column_text]<strong>Impressum <\/strong><\/p>\n<p><strong>Sabrina Presseller<\/strong><\/p>\n<p>A-7163 Andau<br \/>\nFeldgasse 3\/6<br \/>\n+43676 7369788 \/ E-Mail: <a href=\"mailto:office@openhearted-yoga.at\">office@openhearted-yoga.at<\/a><\/p>\n<p>&nbsp;<\/p>\n<p><strong>St.-Nr.: <\/strong>38 370\/9276<\/p>\n<p><strong>T\u00e4tigkeitsbeschreibung:<\/strong><br \/>\nneue Selbstst\u00e4ndige \u2013 freiberuflich erwerbst\u00e4tige Person<\/p>\n<p><strong>Handelnde Personen:<\/strong><\/p>\n<p><strong>Inhaber<\/strong><br \/>\nFrau Sabrina Presseller<\/p>\n<p><strong>Websitegestaltung &amp; Umsetzung<\/strong><\/p>\n<p>Digital+ OG\u00a0 <a href=\"http:\/\/www.digitalplus.at\">www.digitalplus.at<\/a><\/p>\n<p><strong>Haftungshinweis:<\/strong><br \/>\nTrotz sorgf\u00e4ltiger inhaltlicher Kontrolle \u00fcbernehmen wir keine Haftung f\u00fcr die Inhalte externer Links. F\u00fcr den Inhalt der verlinkten Seite sind ausschlie\u00dflich deren BetreiberInnen verantwortlich.<\/p>\n<p><strong>Copyright \/ Haftungsausschluss<\/strong><br \/>\nIm Hinblick auf die technischen Eigenschaften des Internet kann keine Gew\u00e4hr f\u00fcr die Authentizit\u00e4t, Richtigkeit und Vollst\u00e4ndigkeit, der im Internet zur Verf\u00fcgung gestellten Informationen \u00fcbernommen werden. Es wird auch keine Gew\u00e4hr f\u00fcr die Verf\u00fcgbarkeit oder den Betrieb der gegenst\u00e4ndlichen Homepage und ihrer Inhalte \u00fcbernommen. Jede Haftung f\u00fcr unmittelbare, mittelbare oder sonstige Sch\u00e4den, unabh\u00e4ngig von deren Ursachen, die aus der Benutzung oder Nichtverf\u00fcgbarkeit der Daten und Informationen dieser Homepage erwachsen, wird, soweit rechtlich zul\u00e4ssig, ausgeschlossen. Der Inhalt dieser Homepage ist urheberrechtlich gesch\u00fctzt. Die Informationen sind nur f\u00fcr die pers\u00f6nliche Verwendung bestimmt. Jede weitergehende Nutzung insbesondere die Speicherung in Datenbanken, Vervielf\u00e4ltigung und jede Form von gewerblicher Nutzung sowie die Weitergabe an Dritte \u2013 auch in Teilen oder in \u00fcberarbeiteter Form \u2013 ohne Zustimmung des Website-Inhabers ist untersagt. Hyperlinks auf dieses Weblog sind willkommen. Jede Einbindung einzelner Seiten unseres Angebotes in fremde Frames ist zu unterlassen, ebenso das zur Verf\u00fcgung stellen unseres RSS-Feeds auf fremden Seiten.[\/vc_column_text][\/vc_column][\/vc_row]<\/p>\n","protected":false},"excerpt":{"rendered":"<p>[vc_row][vc_column][vc_column_text]Impressum Sabrina Presseller A-7163 Andau Feldgasse 3\/6 +43676 7369788 \/ E-Mail: office@openhearted-yoga.at &nbsp; St.-Nr.: 38 370\/9276 T\u00e4tigkeitsbeschreibung: neue Selbstst\u00e4ndige \u2013 freiberuflich erwerbst\u00e4tige Person Handelnde Personen: Inhaber Frau Sabrina Presseller Websitegestaltung &amp; Umsetzung Digital+ OG\u00a0 www.digitalplus.at Haftungshinweis: Trotz sorgf\u00e4ltiger inhaltlicher Kontrolle \u00fcbernehmen wir keine Haftung f\u00fcr die Inhalte externer Links. F\u00fcr den Inhalt der verlinkten Seite&hellip;<\/p>\n","protected":false},"author":1,"featured_media":0,"parent":0,"menu_order":0,"comment_status":"closed","ping_status":"closed","template":"","meta":{"footnotes":""},"class_list":["post-1472","page","type-page","status-publish","hentry","description-off"],"_links":{"self":[{"href":"https:\/\/openhearted-yoga.at\/index.php?rest_route=\/wp\/v2\/pages\/1472","targetHints":{"allow":["GET"]}}],"collection":[{"href":"https:\/\/openhearted-yoga.at\/index.php?rest_route=\/wp\/v2\/pages"}],"about":[{"href":"https:\/\/openhearted-yoga.at\/index.php?rest_route=\/wp\/v2\/types\/page"}],"author":[{"embeddable":true,"href":"https:\/\/openhearted-yoga.at\/index.php?rest_route=\/wp\/v2\/users\/1"}],"replies":[{"embeddable":true,"href":"https:\/\/openhearted-yoga.at\/index.php?rest_route=%2Fwp%2Fv2%2Fcomments&post=1472"}],"version-history":[{"count":3,"href":"https:\/\/openhearted-yoga.at\/index.php?rest_route=\/wp\/v2\/pages\/1472\/revisions"}],"predecessor-version":[{"id":1546,"href":"https:\/\/openhearted-yoga.at\/index.php?rest_route=\/wp\/v2\/pages\/1472\/revisions\/1546"}],"wp:attachment":[{"href":"https:\/\/openhearted-yoga.at\/index.php?rest_route=%2Fwp%2Fv2%2Fmedia&parent=1472"}],"curies":[{"name":"wp","href":"https:\/\/api.w.org\/{rel}","templated":true}]}}